{"id":2,"date":"2023-03-27T12:55:15","date_gmt":"2023-03-27T12:55:15","guid":{"rendered":"http:\/\/spec-electronic.pl\/?page_id=2"},"modified":"2025-12-27T16:43:15","modified_gmt":"2025-12-27T16:43:15","slug":"sample-page","status":"publish","type":"page","link":"https:\/\/spec-electronic.pl\/index.php\/sample-page\/","title":{"rendered":"O projekcie Spec-Electronic"},"content":{"rendered":"\n<p>Jako nowy projekt, ale z d\u0142ugoletnim do\u015bwiadczeniem w obszarze automatyzacji, patrzymy na wyzwania technologiczne z szerokiej, holistycznej perspektywy. Nasze kompetencje obejmuj\u0105 r\u00f3\u017cne bran\u017ce, co pozwala nam skutecznie wspiera\u0107 klient\u00f3w w rozwi\u0105zywaniu problem\u00f3w technicznych i procesowych. Ka\u017cde zagadnienie traktujemy indywidualnie \u2014 z pe\u0142nym zaanga\u017cowaniem.<\/p>\n\n\n\n<p>Je\u015bli dostrzegasz potrzeb\u0119 rozwoju poprzez analiz\u0119 w\u0142asnego produktu lub dost\u0119pnych rozwi\u0105za\u0144 rynkowych \u2014 w spos\u00f3b prosty, szybki i konkretny \u2014 zapraszamy do kontaktu.<\/p>\n\n\n\n<p>Dodatkowo oferujemy wsp\u00f3\u0142prac\u0119 w zakresie projektowania i wdra\u017cania rozwi\u0105za\u0144 opartych na <strong>Internet of Things (IoT)<\/strong> oraz <strong>systemach MES (Manufacturing Execution Systems)<\/strong>. Pomagamy firmom w cyfryzacji proces\u00f3w, integracji danych produkcyjnych i zwi\u0119kszaniu efektywno\u015bci operacyjnej \u2014 od koncepcji po wdro\u017cenie.<\/p>\n\n\n\n<p>Zapraszamy do kontaktu -> romanowski (at) spec-electronic.pl<\/p>\n","protected":false},"excerpt":{"rendered":"<p>Jako nowy projekt, ale z d\u0142ugoletnim do\u015bwiadczeniem w obszarze automatyzacji, patrzymy na wyzwania technologiczne z szerokiej, holistycznej perspektywy. Nasze kompetencje obejmuj\u0105 r\u00f3\u017cne bran\u017ce, co pozwala nam skutecznie wspiera\u0107 klient\u00f3w w rozwi\u0105zywaniu problem\u00f3w technicznych i procesowych. Ka\u017cde zagadnienie traktujemy indywidualnie \u2014 z pe\u0142nym zaanga\u017cowaniem. Je\u015bli dostrzegasz potrzeb\u0119 rozwoju poprzez analiz\u0119 w\u0142asnego produktu lub dost\u0119pnych rozwi\u0105za\u0144 rynkowych &hellip;<\/p>\n<p class=\"read-more\"> <a class=\"\" href=\"https:\/\/spec-electronic.pl\/index.php\/sample-page\/\"> <span class=\"screen-reader-text\">O projekcie Spec-Electronic<\/span>Read More &raquo;<\/a><\/p>\n","protected":false},"author":1,"featured_media":0,"parent":0,"menu_order":0,"comment_status":"closed","ping_status":"open","template":"","meta":{"footnotes":""},"class_list":["post-2","page","type-page","status-publish","hentry"],"_links":{"self":[{"href":"https:\/\/spec-electronic.pl\/index.php\/wp-json\/wp\/v2\/pages\/2","targetHints":{"allow":["GET"]}}],"collection":[{"href":"https:\/\/spec-electronic.pl\/index.php\/wp-json\/wp\/v2\/pages"}],"about":[{"href":"https:\/\/spec-electronic.pl\/index.php\/wp-json\/wp\/v2\/types\/page"}],"author":[{"embeddable":true,"href":"https:\/\/spec-electronic.pl\/index.php\/wp-json\/wp\/v2\/users\/1"}],"replies":[{"embeddable":true,"href":"https:\/\/spec-electronic.pl\/index.php\/wp-json\/wp\/v2\/comments?post=2"}],"version-history":[{"count":6,"href":"https:\/\/spec-electronic.pl\/index.php\/wp-json\/wp\/v2\/pages\/2\/revisions"}],"predecessor-version":[{"id":133,"href":"https:\/\/spec-electronic.pl\/index.php\/wp-json\/wp\/v2\/pages\/2\/revisions\/133"}],"wp:attachment":[{"href":"https:\/\/spec-electronic.pl\/index.php\/wp-json\/wp\/v2\/media?parent=2"}],"curies":[{"name":"wp","href":"https:\/\/api.w.org\/{rel}","templated":true}]}}